{"id":774,"date":"2024-11-20T13:49:23","date_gmt":"2024-11-20T13:49:23","guid":{"rendered":"https:\/\/lwtag.ch\/?page_id=774"},"modified":"2025-03-13T12:14:54","modified_gmt":"2025-03-13T12:14:54","slug":"echangeur-de-chaleur-a-tubes-spirales","status":"publish","type":"page","link":"https:\/\/lwtag.ch\/fr\/echangeurs-de-chaleur-a-plaques\/echangeur-de-chaleur-a-tubes-spirales\/","title":{"rendered":"\u00c9changeur de chaleur \u00e0 tubes spiral\u00e9s"},"content":{"rendered":"","protected":false},"excerpt":{"rendered":"","protected":false},"author":1,"featured_media":810,"parent":26,"menu_order":0,"comment_status":"closed","ping_status":"closed","template":"","meta":{"footnotes":""},"class_list":["post-774","page","type-page","status-publish","has-post-thumbnail","hentry"],"_links":{"self":[{"href":"https:\/\/lwtag.ch\/fr\/wp-json\/wp\/v2\/pages\/774","targetHints":{"allow":["GET"]}}],"collection":[{"href":"https:\/\/lwtag.ch\/fr\/wp-json\/wp\/v2\/pages"}],"about":[{"href":"https:\/\/lwtag.ch\/fr\/wp-json\/wp\/v2\/types\/page"}],"author":[{"embeddable":true,"href":"https:\/\/lwtag.ch\/fr\/wp-json\/wp\/v2\/users\/1"}],"replies":[{"embeddable":true,"href":"https:\/\/lwtag.ch\/fr\/wp-json\/wp\/v2\/comments?post=774"}],"version-history":[{"count":1,"href":"https:\/\/lwtag.ch\/fr\/wp-json\/wp\/v2\/pages\/774\/revisions"}],"predecessor-version":[{"id":775,"href":"https:\/\/lwtag.ch\/fr\/wp-json\/wp\/v2\/pages\/774\/revisions\/775"}],"up":[{"embeddable":true,"href":"https:\/\/lwtag.ch\/fr\/wp-json\/wp\/v2\/pages\/26"}],"wp:featuredmedia":[{"embeddable":true,"href":"https:\/\/lwtag.ch\/fr\/wp-json\/wp\/v2\/media\/810"}],"wp:attachment":[{"href":"https:\/\/lwtag.ch\/fr\/wp-json\/wp\/v2\/media?parent=774"}],"curies":[{"name":"wp","href":"https:\/\/api.w.org\/{rel}","templated":true}]}}