{"id":1014,"date":"2024-11-27T08:19:48","date_gmt":"2024-11-27T08:19:48","guid":{"rendered":"https:\/\/lwtag.ch\/?page_id=1014"},"modified":"2025-01-16T07:57:21","modified_gmt":"2025-01-16T07:57:21","slug":"mentions-legales","status":"publish","type":"page","link":"https:\/\/lwtag.ch\/fr\/impressum\/","title":{"rendered":"Mentions l\u00e9gales"},"content":{"rendered":"<div data-elementor-type=\"wp-page\" data-elementor-id=\"1014\" class=\"elementor elementor-1014\" data-elementor-post-type=\"page\">\n\t\t\t\t<div class=\"elementor-element elementor-element-90aad5d e-flex e-con-boxed e-con e-parent\" data-id=\"90aad5d\" data-element_type=\"container\" data-e-type=\"container\">\n\t\t\t\t\t<div class=\"e-con-inner\">\n\t\t<div class=\"elementor-element elementor-element-06a0610 e-con-full e-flex e-con e-child\" data-id=\"06a0610\" data-element_type=\"container\" data-e-type=\"container\">\n\t\t\t\t<div class=\"elementor-element elementor-element-11f410c elementor-widget elementor-widget-heading\" data-id=\"11f410c\" data-element_type=\"widget\" data-e-type=\"widget\" data-widget_type=\"heading.default\">\n\t\t\t\t<div class=\"elementor-widget-container\">\n\t\t\t\t\t<h2 class=\"elementor-heading-title elementor-size-default\">LWT<br>\nSyst\u00e8mes d'\u00e9changeurs de chaleur SA<\/h2>\t\t\t\t<\/div>\n\t\t\t\t<\/div>\n\t\t\t\t<div class=\"elementor-element elementor-element-89873e6 elementor-widget elementor-widget-text-editor\" data-id=\"89873e6\" data-element_type=\"widget\" data-e-type=\"widget\" data-widget_type=\"text-editor.default\">\n\t\t\t\t<div class=\"elementor-widget-container\">\n\t\t\t\t\t\t\t\t\t<p>Bonnstrasse 16<br \/>3186 D\u00fcdingen<br \/><a href=\"tel:+41265051172\">+41 26 505 11 72<\/a><br \/><a href=\"mailto:info@lwtag.ch\">info@lwtag.ch<\/a><\/p>\t\t\t\t\t\t\t\t<\/div>\n\t\t\t\t<\/div>\n\t\t\t\t<\/div>\n\t\t<div class=\"elementor-element elementor-element-2dc9a31 e-con-full e-flex e-con e-child\" data-id=\"2dc9a31\" data-element_type=\"container\" data-e-type=\"container\">\n\t\t\t\t<div class=\"elementor-element elementor-element-29ce534 elementor-widget elementor-widget-heading\" data-id=\"29ce534\" data-element_type=\"widget\" data-e-type=\"widget\" data-widget_type=\"heading.default\">\n\t\t\t\t<div class=\"elementor-widget-container\">\n\t\t\t\t\t<h2 class=\"elementor-heading-title elementor-size-default\">D\u00e9veloppement web, design<br>\n&amp; r\u00e9alisation technique\n<\/h2>\t\t\t\t<\/div>\n\t\t\t\t<\/div>\n\t\t\t\t<div class=\"elementor-element elementor-element-b7b41d6 elementor-widget elementor-widget-text-editor\" data-id=\"b7b41d6\" data-element_type=\"widget\" data-e-type=\"widget\" data-widget_type=\"text-editor.default\">\n\t\t\t\t<div class=\"elementor-widget-container\">\n\t\t\t\t\t\t\t\t\t<p><a href=\"https:\/\/millefeuilles.ch\/\" target=\"_blank\" rel=\"noopener\">millefeuilles ag<\/a><br \/>Bonnstrasse 18<br \/>3186 D\u00fcdingen<br \/><a href=\"tel:+41264925324\">+41 26 492 53 24<\/a><br \/><a href=\"mailto:info@millefeuilles.ch\">info@millefeuilles.ch<\/a><\/p>\t\t\t\t\t\t\t\t<\/div>\n\t\t\t\t<\/div>\n\t\t\t\t<\/div>\n\t\t\t\t\t<\/div>\n\t\t\t\t<\/div>\n\t\t\t\t<\/div>","protected":false},"excerpt":{"rendered":"<p>LWT Syst\u00e8mes d'\u00e9changeurs de chaleur SA Bonnstrasse 163186 D\u00fcdingen+41 26 505 11 72info@lwtag.ch D\u00e9veloppement web, design &amp; r\u00e9alisation technique millefeuilles agBonnstrasse 183186 D\u00fcdingen+41 26 492 53 24info@millefeuilles.ch<\/p>","protected":false},"author":1,"featured_media":0,"parent":0,"menu_order":0,"comment_status":"closed","ping_status":"closed","template":"","meta":{"footnotes":""},"class_list":["post-1014","page","type-page","status-publish","hentry"],"_links":{"self":[{"href":"https:\/\/lwtag.ch\/fr\/wp-json\/wp\/v2\/pages\/1014","targetHints":{"allow":["GET"]}}],"collection":[{"href":"https:\/\/lwtag.ch\/fr\/wp-json\/wp\/v2\/pages"}],"about":[{"href":"https:\/\/lwtag.ch\/fr\/wp-json\/wp\/v2\/types\/page"}],"author":[{"embeddable":true,"href":"https:\/\/lwtag.ch\/fr\/wp-json\/wp\/v2\/users\/1"}],"replies":[{"embeddable":true,"href":"https:\/\/lwtag.ch\/fr\/wp-json\/wp\/v2\/comments?post=1014"}],"version-history":[{"count":58,"href":"https:\/\/lwtag.ch\/fr\/wp-json\/wp\/v2\/pages\/1014\/revisions"}],"predecessor-version":[{"id":1904,"href":"https:\/\/lwtag.ch\/fr\/wp-json\/wp\/v2\/pages\/1014\/revisions\/1904"}],"wp:attachment":[{"href":"https:\/\/lwtag.ch\/fr\/wp-json\/wp\/v2\/media?parent=1014"}],"curies":[{"name":"wp","href":"https:\/\/api.w.org\/{rel}","templated":true}]}}